{"id":231,"date":"2017-07-16T05:53:06","date_gmt":"2017-07-16T05:53:06","guid":{"rendered":"https:\/\/www.terrex.ca\/?page_id=231"},"modified":"2019-06-06T18:36:12","modified_gmt":"2019-06-06T18:36:12","slug":"231-2","status":"publish","type":"page","link":"https:\/\/terrex.ca\/fr\/231-2\/","title":{"rendered":"Espace alerte"},"content":{"rendered":"<p>Soyez \u00e0 jour sur nos nouvelles inscriptions.\u00a0Inscrivez-vous pour \u00eatre inform\u00e9 lorsqu&rsquo;une nouvelle inscription, correspondant \u00e0 vos besoins, devient disponible.<\/p>\n","protected":false},"excerpt":{"rendered":"<p>Soyez \u00e0 jour sur nos nouvelles inscriptions.\u00a0Inscrivez-vous pour \u00eatre inform\u00e9 lorsqu&rsquo;une nouvelle inscription, correspondant \u00e0 vos besoins, devient disponible.<\/p>\n","protected":false},"author":5,"featured_media":0,"parent":0,"menu_order":0,"comment_status":"closed","ping_status":"closed","template":"espace-alerte.php","meta":{"_acf_changed":false,"footnotes":""},"class_list":["post-231","page","type-page","status-publish","hentry"],"acf":[],"_links":{"self":[{"href":"https:\/\/terrex.ca\/fr\/wp-json\/wp\/v2\/pages\/231","targetHints":{"allow":["GET"]}}],"collection":[{"href":"https:\/\/terrex.ca\/fr\/wp-json\/wp\/v2\/pages"}],"about":[{"href":"https:\/\/terrex.ca\/fr\/wp-json\/wp\/v2\/types\/page"}],"author":[{"embeddable":true,"href":"https:\/\/terrex.ca\/fr\/wp-json\/wp\/v2\/users\/5"}],"replies":[{"embeddable":true,"href":"https:\/\/terrex.ca\/fr\/wp-json\/wp\/v2\/comments?post=231"}],"version-history":[{"count":18,"href":"https:\/\/terrex.ca\/fr\/wp-json\/wp\/v2\/pages\/231\/revisions"}],"predecessor-version":[{"id":862,"href":"https:\/\/terrex.ca\/fr\/wp-json\/wp\/v2\/pages\/231\/revisions\/862"}],"wp:attachment":[{"href":"https:\/\/terrex.ca\/fr\/wp-json\/wp\/v2\/media?parent=231"}],"curies":[{"name":"wp","href":"https:\/\/api.w.org\/{rel}","templated":true}]}}