{"id":148,"date":"2017-06-14T16:05:41","date_gmt":"2017-06-14T16:05:41","guid":{"rendered":"https:\/\/www.terrex.ca\/?page_id=148"},"modified":"2018-07-10T04:31:20","modified_gmt":"2018-07-10T04:31:20","slug":"retroaction","status":"publish","type":"page","link":"https:\/\/terrex.ca\/fr\/retroaction\/","title":{"rendered":"R\u00e9troaction"},"content":{"rendered":"<p><strong>Votre r\u00e9troaction aide les <\/strong><strong>Services mobiliers Terrex Inc.<\/strong><\/p>\n<p>&nbsp;<\/p>\n<p>Vos commentaires ne tombent pas dans l\u2019oreille d\u2019un sourd<\/p>\n<p>&nbsp;<\/p>\n<p>La r\u00e9troaction des clients est essentielle pour\u00a0permettre \u00e0 Terrex d&rsquo;offrir des services de premier plan. Elle fournit \u00e0 notre \u00e9quipe des renseignements et des avis indispensables, qui nous offrent l\u2019occasion d\u2019\u00e9valuer et d\u2019am\u00e9liorer nos services.<\/p>\n<p>Bien s\u00fbr nous aimons entendre les commentaires positifs \u00e0 notre \u00e9gard, mais nous appr\u00e9cions \u00e9galement recevoir de l\u2019information qui nous incite \u00e0 nous perfectionner. La r\u00e9troaction constructive re\u00e7ue depuis 1990 a permis \u00e0 Terrex de devenir un chef de file de l\u2019industrie.<\/p>\n<p>Nous comprenons qu\u2019il n\u2019est pas toujours facile d\u2019exprimer les aspects \u00e0 am\u00e9liorer ou de communiquer des sujets sensibles, et nous appr\u00e9cions l\u2019effort requis et respectons le fait que cela d\u00e9montre que vous tenez \u00e0 notre relation.<\/p>\n<p>Nous voulons vous entendre, que ce soit \u00e0 propos d\u2019une formidable exp\u00e9rience que vous avez eue avec nous, ou par rapport \u00e0 des points qui selon devraient \u00eatre am\u00e9lior\u00e9s.<\/p>\n<p>Au plaisir de vous lire.<\/p>\n","protected":false},"excerpt":{"rendered":"<p>Votre r\u00e9troaction aide les Services mobiliers Terrex Inc. &nbsp; Vos commentaires ne tombent pas dans l\u2019oreille d\u2019un sourd &nbsp; La r\u00e9troaction des clients est essentielle pour\u00a0permettre \u00e0 Terrex d&rsquo;offrir des services de premier plan. Elle fournit \u00e0 notre \u00e9quipe des renseignements et des avis indispensables, qui nous offrent l\u2019occasion d\u2019\u00e9valuer et d\u2019am\u00e9liorer nos services. Bien [&hellip;]<\/p>\n","protected":false},"author":5,"featured_media":0,"parent":0,"menu_order":0,"comment_status":"closed","ping_status":"closed","template":"feedback.php","meta":{"_acf_changed":false,"footnotes":""},"class_list":["post-148","page","type-page","status-publish","hentry"],"acf":[],"_links":{"self":[{"href":"https:\/\/terrex.ca\/fr\/wp-json\/wp\/v2\/pages\/148","targetHints":{"allow":["GET"]}}],"collection":[{"href":"https:\/\/terrex.ca\/fr\/wp-json\/wp\/v2\/pages"}],"about":[{"href":"https:\/\/terrex.ca\/fr\/wp-json\/wp\/v2\/types\/page"}],"author":[{"embeddable":true,"href":"https:\/\/terrex.ca\/fr\/wp-json\/wp\/v2\/users\/5"}],"replies":[{"embeddable":true,"href":"https:\/\/terrex.ca\/fr\/wp-json\/wp\/v2\/comments?post=148"}],"version-history":[{"count":9,"href":"https:\/\/terrex.ca\/fr\/wp-json\/wp\/v2\/pages\/148\/revisions"}],"predecessor-version":[{"id":479,"href":"https:\/\/terrex.ca\/fr\/wp-json\/wp\/v2\/pages\/148\/revisions\/479"}],"wp:attachment":[{"href":"https:\/\/terrex.ca\/fr\/wp-json\/wp\/v2\/media?parent=148"}],"curies":[{"name":"wp","href":"https:\/\/api.w.org\/{rel}","templated":true}]}}