{"id":144,"date":"2017-06-14T16:02:44","date_gmt":"2017-06-14T16:02:44","guid":{"rendered":"https:\/\/www.terrex.ca\/?page_id=144"},"modified":"2019-04-04T16:15:26","modified_gmt":"2019-04-04T16:15:26","slug":"emplois","status":"publish","type":"page","link":"https:\/\/terrex.ca\/fr\/emplois\/","title":{"rendered":"Emplois"},"content":{"rendered":"<p><strong>Emplois chez les<\/strong> <strong>Services Immobiliers Terrex<\/strong><\/p>\n<p>La passion pour l\u2019industrie entra\u00eene des r\u00e9sultats<\/p>\n<p>&nbsp;<\/p>\n<p>Les Services Immobiliers Terrex offrent des services de courtage mettant l\u2019accent sur les sous-march\u00e9s industriels et commerciaux de l\u2019Est de Montr\u00e9al. Ce qui distingue les Services Immobiliers Terrex est leur \u00e9thique in\u00e9gal\u00e9e, leur fa\u00e7on de traiter leurs clients et les incroyables talents qui composent leur \u00e9quipe.<\/p>\n<p>Il serait facile d\u2019affirmer que nous n\u2019engageons que les meilleurs, bien que cela soit v\u00e9ridique, nous croyons \u00e9galement \u00e0 l\u2019encadrement et au perfectionnement pour atteindre l\u2019excellence. Nous \u00e9valuons rapidement ceux qui sont motiv\u00e9s, ont du talent et ont soif de succ\u00e8s.<\/p>\n<p>Nous formons nos gens pour les voir r\u00e9ussir, qu\u2019ils restent avec nous pendant des ann\u00e9es, des d\u00e9cennies ou une courte p\u00e9riode. Si vous avez travaill\u00e9 chez les Services Immobiliers Terrex, l\u2019industrie sait que vous faites partie de l\u2019\u00e9lite qui a re\u00e7u l\u2019encadrement professionnel de Terrex et que vous avez eu la chance d\u2019apprendre comment les \u00e9quipes chefs de file de l\u2019industrie approchent, \u00e9valuent et effectuent les transactions de plus en plus complexes.<\/p>\n<p>Relevez le d\u00e9fi. Entrez dans notre \u00e9quipe incroyablement talentueuse, motiv\u00e9e et b\u00e2tisseuse de carri\u00e8res. <em>Posez votre candidature.<\/em><\/p>\n","protected":false},"excerpt":{"rendered":"<p>Emplois chez les Services Immobiliers Terrex La passion pour l\u2019industrie entra\u00eene des r\u00e9sultats &nbsp; Les Services Immobiliers Terrex offrent des services de courtage mettant l\u2019accent sur les sous-march\u00e9s industriels et commerciaux de l\u2019Est de Montr\u00e9al. Ce qui distingue les Services Immobiliers Terrex est leur \u00e9thique in\u00e9gal\u00e9e, leur fa\u00e7on de traiter leurs clients et les incroyables [&hellip;]<\/p>\n","protected":false},"author":5,"featured_media":0,"parent":0,"menu_order":0,"comment_status":"closed","ping_status":"closed","template":"careers.php","meta":{"_acf_changed":false,"footnotes":""},"class_list":["post-144","page","type-page","status-publish","hentry"],"acf":[],"_links":{"self":[{"href":"https:\/\/terrex.ca\/fr\/wp-json\/wp\/v2\/pages\/144","targetHints":{"allow":["GET"]}}],"collection":[{"href":"https:\/\/terrex.ca\/fr\/wp-json\/wp\/v2\/pages"}],"about":[{"href":"https:\/\/terrex.ca\/fr\/wp-json\/wp\/v2\/types\/page"}],"author":[{"embeddable":true,"href":"https:\/\/terrex.ca\/fr\/wp-json\/wp\/v2\/users\/5"}],"replies":[{"embeddable":true,"href":"https:\/\/terrex.ca\/fr\/wp-json\/wp\/v2\/comments?post=144"}],"version-history":[{"count":10,"href":"https:\/\/terrex.ca\/fr\/wp-json\/wp\/v2\/pages\/144\/revisions"}],"predecessor-version":[{"id":845,"href":"https:\/\/terrex.ca\/fr\/wp-json\/wp\/v2\/pages\/144\/revisions\/845"}],"wp:attachment":[{"href":"https:\/\/terrex.ca\/fr\/wp-json\/wp\/v2\/media?parent=144"}],"curies":[{"name":"wp","href":"https:\/\/api.w.org\/{rel}","templated":true}]}}