{"id":138,"date":"2017-06-14T16:01:03","date_gmt":"2017-06-14T16:01:03","guid":{"rendered":"https:\/\/www.terrex.ca\/?page_id=138"},"modified":"2022-05-18T18:05:22","modified_gmt":"2022-05-18T18:05:22","slug":"a-propos","status":"publish","type":"page","link":"https:\/\/terrex.ca\/fr\/a-propos\/","title":{"rendered":"\u00c0 propos"},"content":{"rendered":"<p>Les Services immobiliers Terrex sont une boutique immobili\u00e8re se sp\u00e9cialisant principalement dans les sous-march\u00e9s industriels et commerciaux de l\u2019est de Montr\u00e9al. Nous conseillons nos clients commerciaux, institutionnels et priv\u00e9s depuis 1990, et offrons des services personnalis\u00e9s aux locataires et propri\u00e9taires cherchant \u00e0 vendre, louer ou acheter un local pour bureau, une propri\u00e9t\u00e9 ou un terrain.<\/p>\n<p>Les op\u00e9rations immobili\u00e8res d\u2019aujourd\u2019hui sont de plus en plus complexes en raison des lois changeantes et des demandes plus pointues. Notre \u00e9quipe est pleinement outill\u00e9e pour aider nos clients \u00e0 affronter les divers d\u00e9fis auxquels ils feront in\u00e9vitablement face \u2013 qu\u2019ils soient juridiques, r\u00e9glementaires, environnementaux, relatifs au zonage, etc.<\/p>\n<p>Notre base de connaissances et nos ressources collectives sont in\u00e9gal\u00e9es.\u00a0 Que vous soyez un locataire cherchant \u00e0 d\u00e9m\u00e9nager ou un propri\u00e9taire souhaitant maximiser la valeur d\u2019une disposition \u2013 nous avons des solutions pour vous.<\/p>\n<p>L\u2019engagement de Terrex envers l\u2019\u00e9thique des affaires est l\u2019un des nombreux moteurs de sa r\u00e9ussite. Nous avons constat\u00e9 au fil du temps que la r\u00e9ponse prioritaire aux besoins des clients est une proposition gagnante pour ces derniers, et nous-m\u00eames. Nous travaillons en \u00e9troite collaboration avec les firmes de courtage et nous nous targuons d\u2019\u00eatre per\u00e7us par elles comme des partenaires plut\u00f4t que des concurrents.<\/p>\n<p>Depuis sa cr\u00e9ation, Terrex a accueilli toutes les formes de changements technologiques afin de livrer les renseignements clairs, pr\u00e9cis et concis qu\u2019exigent ses clients. Gr\u00e2ce \u00e0 notre base de donn\u00e9es exclusive, nous avons la capacit\u00e9 d\u2019effectuer des recherches complexes qui nous aident \u00e0 d\u00e9terminer l\u2019acheteur ou le locataire id\u00e9al pour votre propri\u00e9t\u00e9, pour une valeur accrue. Notre approche marketing \u00e9volue constamment et s\u2019adapte au d\u00e9fi \u00e0 relever. M\u00eame notre site Web a \u00e9t\u00e9 con\u00e7u pour simplifier le processus de recherche et offrir \u00e0 nos visiteurs ce dont ils ont besoin, de fa\u00e7on claire.<\/p>\n<p><strong>PETER KARAMBATSOS<\/strong><\/p>\n<p>Apr\u00e8s avoir travaill\u00e9 trois ans comme d\u2019\u00e9valuateur immobilier et d\u2019analyste commercial, Peter Karambatsos a commenc\u00e9 sa carri\u00e8re d\u2019agent immobilier commercial en 1987. Il affirme fi\u00e8rement que sa passion pour sa profession est aussi ardente aujourd\u2019hui qu\u2019\u00e0 ses d\u00e9buts. Ses forces principales sont ses comp\u00e9tences analytiques et sa capacit\u00e9 de maintenir des relations de confiance durables avec ses clients. Avec plus de 30 ans d\u2019exp\u00e9rience et des millions de pieds carr\u00e9s de transactions derri\u00e8re la ceinture, ses conseils et avis continus \u00e0 ses clients sont tr\u00e8s pr\u00e9cieux. Peter ne fait pas que guider ses clients en tirant parti des plus r\u00e9centes tendances, il fait preuve de toute la sagesse acquise gr\u00e2ce \u00e0 l\u2019ampleur de ses connaissances du domaine.<\/p>\n<p><strong>ANTHONY SCIORTINO<\/strong><\/p>\n<p>Anthony Sciortino a termin\u00e9 ses \u00e9tudes \u00e0 l\u2019universit\u00e9 McGill pour lancer sa carri\u00e8re en immobilier en 1985. Ses premi\u00e8res activit\u00e9s comprenaient la location de nouveaux projets industriels, de bureaux et de commerces de d\u00e9tail. Gr\u00e2ce \u00e0 ses vastes connaissances du march\u00e9 immobilier et des transactions, et \u00e0 sa facilit\u00e9 \u00e0 communiquer, une synergie absolue s\u2019est install\u00e9e avec son coll\u00e8gue Peter. Anthony a ainsi exclusivement pris en charge le march\u00e9 immobilier industriel.<\/p>\n","protected":false},"excerpt":{"rendered":"<p>Les Services immobiliers Terrex sont une boutique immobili\u00e8re se sp\u00e9cialisant principalement dans les sous-march\u00e9s industriels et commerciaux de l\u2019est de Montr\u00e9al. Nous conseillons nos clients commerciaux, institutionnels et priv\u00e9s depuis 1990, et offrons des services personnalis\u00e9s aux locataires et propri\u00e9taires cherchant \u00e0 vendre, louer ou acheter un local pour bureau, une propri\u00e9t\u00e9 ou un terrain. [&hellip;]<\/p>\n","protected":false},"author":5,"featured_media":0,"parent":0,"menu_order":0,"comment_status":"closed","ping_status":"closed","template":"about-us.php","meta":{"_acf_changed":false,"footnotes":""},"class_list":["post-138","page","type-page","status-publish","hentry"],"acf":[],"_links":{"self":[{"href":"https:\/\/terrex.ca\/fr\/wp-json\/wp\/v2\/pages\/138","targetHints":{"allow":["GET"]}}],"collection":[{"href":"https:\/\/terrex.ca\/fr\/wp-json\/wp\/v2\/pages"}],"about":[{"href":"https:\/\/terrex.ca\/fr\/wp-json\/wp\/v2\/types\/page"}],"author":[{"embeddable":true,"href":"https:\/\/terrex.ca\/fr\/wp-json\/wp\/v2\/users\/5"}],"replies":[{"embeddable":true,"href":"https:\/\/terrex.ca\/fr\/wp-json\/wp\/v2\/comments?post=138"}],"version-history":[{"count":17,"href":"https:\/\/terrex.ca\/fr\/wp-json\/wp\/v2\/pages\/138\/revisions"}],"predecessor-version":[{"id":1086,"href":"https:\/\/terrex.ca\/fr\/wp-json\/wp\/v2\/pages\/138\/revisions\/1086"}],"wp:attachment":[{"href":"https:\/\/terrex.ca\/fr\/wp-json\/wp\/v2\/media?parent=138"}],"curies":[{"name":"wp","href":"https:\/\/api.w.org\/{rel}","templated":true}]}}